{"id":311,"date":"2019-03-18T11:19:43","date_gmt":"2019-03-18T02:19:43","guid":{"rendered":"https:\/\/smilepos.jp\/st\/?page_id=311"},"modified":"2019-03-18T11:19:43","modified_gmt":"2019-03-18T02:19:43","slug":"tinh-nang","status":"publish","type":"page","link":"https:\/\/smilepos.shop\/vi\/tinh-nang\/","title":{"rendered":"T\u00ednh n\u0103ng"},"content":{"rendered":"\n<section id=\"bnr-intro\" class=\"bg-dark\">\n  <div class=\"container\">\n    <div class=\"row\">\n      <div class=\"col-6\">\n        <h1 lang=\"en\" class=\"font-lightcolor\">T\u1ea0I SAO CH\u1eccN <span class=\"font-subcolor\">SMILEPOS<\/span><\/h1>\n      <\/div>\n      <div class=\"col-6\"><\/div>\n    <\/div>\n  <\/div>\n<\/section>\n<section class=\"bg-light mt-40\">\n  <div class=\"container\">\n      <div class=\"ttl\">\n        <h2 lang=\"en\">3 l\u00fd do \u0111\u1ec3 ch\u1ecdn <span class=\"font-maincolor mediumfont\">SMILE<\/span><span class=\"font-subcolor mediumfont\">POS<\/span><\/h2>\n      <\/div>\n      <\/div>\n<\/section>\n<section class=\"bg-gradient pb-80\">\n  <div class=\"container\">\n    <div class=\"row\">\n\t\t\t<div class=\"col-4\">\n        <h3 class=\"static mg-tb-20\">Ng\u01b0\u1eddi qu\u1ea3n l\u00fd<\/h3>\n        <div class=\"function-intro-1\"><\/div>\n        \t\t<h3 class=\"font-maincolor mb-20\">C\u00f3 th\u1ec3 ki\u1ec3m tra c\u00e1c m\u1eb7t h\u00e0ng \u0111\u01b0\u1ee3c ch\u00fa \u00fd, s\u1ed1 l\u01b0\u1ee3ng kh\u00e1ch h\u00e0ng & doanh thu c\u1ee7a c\u1eeda h\u00e0ng t\u1ea1i th\u1eddi \u0111i\u1ec3m th\u1ef1c t\u1ebf!!<\/h3>\n        \t\t<p class=\"mb-30\">Ch\u1ec9 c\u1ea7n \u0111\u1ee9ng n\u01a1i c\u00f3 internet, b\u1ea1n c\u00f3 th\u1ec3 ki\u1ec3m tra \u0111\u01b0\u1ee3c ngay t\u00ecnh h\u00ecnh kinh doanh c\u1ee7a c\u1eeda h\u00e0ng v\u00e0o m\u1ecdi th\u1eddi \u0111i\u1ec3m tr\u00ean c\u00e1c thi\u1ebft b\u1ecb smartphone v\u00e0 tablet. Nh\u1edd \u0111\u00f3, b\u1ea1n c\u00f3 th\u1ec3 ki\u1ec3m tra \u0111\u01b0\u1ee3c \u0111\u01a1n \u0111\u1eb7t m\u00f3n, doanh thu c\u0169ng nh\u01b0 t\u00ecnh h\u00ecnh kinh doanh c\u1ee7a c\u1eeda h\u00e0ng m\u1ed9t c\u00e1ch ch\u00ednh x\u00e1c v\u00e0 nhanh ch\u00f3ng nh\u1ea5t.<\/p>\n\t\t\t<\/div>\n\t\t\t<div class=\"col-4\">\n        <h3 class=\"static mg-tb-20\">Ph\u1ee5c v\u1ee5 - nh\u00e0 b\u1ebfp<\/h3>\n        <div class=\"function-intro-2\"><\/div>\n        \t\t<h3 class=\"font-maincolor mb-20\">Sau khi nh\u1eadn \u0111\u1eb7t m\u00f3n t\u1eeb kh\u00e1ch h\u00e0ng b\u1eb1ng Ipod touch, h\u00f3a \u0111\u01a1n \u0111\u1eb7t m\u00f3n s\u1ebd \u0111\u01b0\u1ee3c t\u1ef1 \u0111\u1ed9ng in trong nh\u00e0 b\u1ebfp!!<\/h3>\n        \t\t<p class=\"mb-30\">Ch\u1ec9 c\u1ea7n c\u00e1c thao t\u00e1c \u0111\u01a1n gi\u1ea3n, b\u1ea1n c\u00f3 th\u1ec3 \u0111\u1eb7t m\u00f3n tr\u00ean c\u00e1c thi\u1ebft b\u1ecb \u0111\u1ea7u cu\u1ed1i v\u00e0 ng\u0103n ch\u1eb7n \u0111\u01b0\u1ee3c sai s\u00f3t ho\u1eb7c gian l\u1eadn. H\u00f3a \u0111\u01a1n s\u1ebd t\u1ef1 \u0111\u1ed9ng in ra sau khi kh\u00e1ch h\u00e0ng ch\u1ecdn m\u00f3n v\u00e0 \u0111\u1ea7u b\u1ebfp s\u1ebd ch\u1ebf bi\u1ebfn c\u00e1c m\u00f3n \u0103n d\u1ef1a theo order \u0111\u00f3. V\u00ec v\u1eady, s\u1ebd ti\u1ebft ki\u1ec7m \u0111\u01b0\u1ee3c r\u1ea5t nhi\u1ec1u th\u1eddi gian.\n<\/p>\n\t\t\t<\/div>\n\t\t\t<div class=\"col-4\">\n        <h3 class=\"static mg-tb-20\">Thanh to\u00e1n<\/h3>\n        <div class=\"function-intro-3\"><\/div>\n        \t\t<h3 class=\"font-maincolor mb-20\">Ch\u1ec9 c\u1ea7n nh\u1ea5n n\u00fat s\u1ebd in ngay h\u00f3a \u0111\u01a1n thanh to\u00e1n. Vi\u1ec7c t\u00ednh to\u00e1n tr\u1edf n\u00ean \u0111\u01a1n gi\u1ea3n h\u01a1n r\u1ea5t nhi\u1ec1u.<\/h3>\n        \t\t<p>Khi ch\u1ecdn s\u1ed1 gh\u1ebf c\u1ee7a kh\u00e1ch h\u00e0ng c\u1ea7n thanh to\u00e1n, th\u00f4ng tin v\u1ec1 s\u1ed1 ti\u1ec1n \u0111\u1eb7t m\u00f3n c\u1ee7a kh\u00e1ch h\u00e0ng \u0111\u00f3 s\u1ebd hi\u1ec3n th\u1ecb l\u00ean c\u00e1c thi\u1ebft b\u1ecb \u0111\u1ea7u cu\u1ed1i v\u00e0 h\u00f3a \u0111\u01a1n thanh to\u00e1n s\u1ebd \u0111\u01b0\u1ee3c t\u1ef1 \u0111\u1ed9ng in ra.\n\nSo v\u1edbi ph\u01b0\u01a1ng ph\u00e1p thanh to\u00e1n b\u1eb1ng tay tr\u01b0\u1edbc \u0111\u00e2y, ch\u1ee9c n\u0103ng n\u00e0y kh\u1eafc ph\u1ee5c \u0111\u01b0\u1ee3c c\u00e1c sai s\u00f3t trong t\u00ednh to\u00e1n v\u00e0 r\u00fat ng\u1eafn th\u1eddi gian 1 c\u00e1ch \u0111\u00e1ng k\u1ec3. V\u00ec v\u1eady, c\u1eeda h\u00e0ng c\u00f3 th\u1ec3 th\u1ef1c hi\u1ec7n \u0111\u01b0\u1ee3c nhi\u1ec1u d\u1ecbch v\u1ee5 m\u00e0 kh\u00f4ng c\u1ea7n nhi\u1ec1u nh\u00e2n vi\u00ean.<\/p>\n\t\t\t<\/div>\n    <\/div>\n  <\/div>\n<\/section>\n","protected":false},"excerpt":{"rendered":"<p>T\u1ea0I SAO CH\u1eccN SMILEPOS 3 l\u00fd do \u0111\u1ec3 ch\u1ecdn SMILEPOS Ng\u01b0\u1eddi qu\u1ea3n l\u00fd C\u00f3 th\u1ec3 ki\u1ec3m tra c\u00e1c m\u1eb7t h\u00e0ng \u0111\u01b0\u1ee3c ch\u00fa \u00fd, s\u1ed1 l\u01b0\u1ee3ng kh\u00e1ch h\u00e0ng &#038; doanh thu c\u1ee7a c\u1eeda h\u00e0ng t\u1ea1i th\u1eddi \u0111i\u1ec3m th\u1ef1c t\u1ebf!! Ch\u1ec9 c\u1ea7n \u0111\u1ee9ng n\u01a1i c\u00f3 internet, b\u1ea1n c\u00f3 th\u1ec3 ki\u1ec3m tra \u0111\u01b0\u1ee3c ngay t\u00ecnh h\u00ecnh kinh doanh [&hellip;]<\/p>\n","protected":false},"author":3,"featured_media":0,"parent":0,"menu_order":0,"comment_status":"closed","ping_status":"closed","template":"page-vn.php","meta":{"om_disable_all_campaigns":false,"footnotes":"","_locale":"vi","_original_post":"57"},"acf":[],"aioseo_notices":[],"_links":{"self":[{"href":"https:\/\/smilepos.shop\/wp-json\/wp\/v2\/pages\/311"}],"collection":[{"href":"https:\/\/smilepos.shop\/wp-json\/wp\/v2\/pages"}],"about":[{"href":"https:\/\/smilepos.shop\/wp-json\/wp\/v2\/types\/page"}],"author":[{"embeddable":true,"href":"https:\/\/smilepos.shop\/wp-json\/wp\/v2\/users\/3"}],"replies":[{"embeddable":true,"href":"https:\/\/smilepos.shop\/wp-json\/wp\/v2\/comments?post=311"}],"version-history":[{"count":0,"href":"https:\/\/smilepos.shop\/wp-json\/wp\/v2\/pages\/311\/revisions"}],"wp:attachment":[{"href":"https:\/\/smilepos.shop\/wp-json\/wp\/v2\/media?parent=311"}],"curies":[{"name":"wp","href":"https:\/\/api.w.org\/{rel}","templated":true}]}}